{"id":423,"date":"2022-07-16T13:12:53","date_gmt":"2022-07-16T11:12:53","guid":{"rendered":"http:\/\/nako-manga.com\/?page_id=423"},"modified":"2022-07-18T11:41:00","modified_gmt":"2022-07-18T09:41:00","slug":"nako-alternative-2","status":"publish","type":"page","link":"https:\/\/nako-manga.com\/index.php\/nako-alternative-2\/","title":{"rendered":"QUI SOMMES NOUS ?"},"content":{"rendered":"\t\t<div data-elementor-type=\"wp-page\" data-elementor-id=\"423\" class=\"elementor elementor-423\">\n\t\t\t\t\t\t<section class=\"elementor-section elementor-top-section elementor-element elementor-element-6655ee8 elementor-section-boxed elementor-section-height-default elementor-section-height-default\" data-id=\"6655ee8\" data-element_type=\"section\">\n\t\t\t\t\t\t<div class=\"elementor-container elementor-column-gap-default\">\n\t\t\t\t\t<div class=\"elementor-column elementor-col-100 elementor-top-column elementor-element elementor-element-f6de6d1\" data-id=\"f6de6d1\" data-element_type=\"column\">\n\t\t\t<div class=\"elementor-widget-wrap elementor-element-populated\">\n\t\t\t\t\t\t<div class=\"elementor-element elementor-element-a40af06 elementor-widget elementor-widget-text-editor\" data-id=\"a40af06\" data-element_type=\"widget\" data-widget_type=\"text-editor.default\">\n\t\t\t\t<div class=\"elementor-widget-container\">\n\t\t\t\t\t\t\t\t\t<p><img fetchpriority=\"high\" decoding=\"async\" class=\"aligncenter size-large wp-image-365\" src=\"https:\/\/nako-manga.com\/wp-content\/uploads\/2022\/07\/header-3--1024x617.png\" alt=\"\" width=\"1024\" height=\"617\" srcset=\"https:\/\/nako-manga.com\/wp-content\/uploads\/2022\/07\/header-3--1024x617.png 1024w, https:\/\/nako-manga.com\/wp-content\/uploads\/2022\/07\/header-3--300x181.png 300w, https:\/\/nako-manga.com\/wp-content\/uploads\/2022\/07\/header-3--768x463.png 768w, https:\/\/nako-manga.com\/wp-content\/uploads\/2022\/07\/header-3--600x362.png 600w, https:\/\/nako-manga.com\/wp-content\/uploads\/2022\/07\/header-3-.png 1536w\" sizes=\"(max-width: 1024px) 100vw, 1024px\" \/><\/p>\t\t\t\t\t\t\t\t<\/div>\n\t\t\t\t<\/div>\n\t\t\t\t\t<\/div>\n\t\t<\/div>\n\t\t\t\t\t<\/div>\n\t\t<\/section>\n\t\t\t\t<section class=\"elementor-section elementor-top-section elementor-element elementor-element-4166d82 elementor-section-boxed elementor-section-height-default elementor-section-height-default\" data-id=\"4166d82\" data-element_type=\"section\">\n\t\t\t\t\t\t<div class=\"elementor-container elementor-column-gap-default\">\n\t\t\t\t\t<div class=\"elementor-column elementor-col-33 elementor-top-column elementor-element elementor-element-1e62f94\" data-id=\"1e62f94\" data-element_type=\"column\">\n\t\t\t<div class=\"elementor-widget-wrap elementor-element-populated\">\n\t\t\t\t\t\t<div class=\"elementor-element elementor-element-9a2bef0 elementor-widget elementor-widget-text-editor\" data-id=\"9a2bef0\" data-element_type=\"widget\" data-widget_type=\"text-editor.default\">\n\t\t\t\t<div class=\"elementor-widget-container\">\n\t\t\t\t\t\t\t\t\t<p><a href=\"https:\/\/nako-manga.com\/index.php\/nako-alternative\/\"><img decoding=\"async\" class=\"aligncenter size-full wp-image-410\" src=\"https:\/\/nako-manga.com\/wp-content\/uploads\/2022\/07\/les-oeuvres-V3.png\" alt=\"\" width=\"683\" height=\"907\" srcset=\"https:\/\/nako-manga.com\/wp-content\/uploads\/2022\/07\/les-oeuvres-V3.png 683w, https:\/\/nako-manga.com\/wp-content\/uploads\/2022\/07\/les-oeuvres-V3-226x300.png 226w, https:\/\/nako-manga.com\/wp-content\/uploads\/2022\/07\/les-oeuvres-V3-600x797.png 600w\" sizes=\"(max-width: 683px) 100vw, 683px\" \/><\/a><\/p>\t\t\t\t\t\t\t\t<\/div>\n\t\t\t\t<\/div>\n\t\t\t\t\t<\/div>\n\t\t<\/div>\n\t\t\t\t<div class=\"elementor-column elementor-col-33 elementor-top-column elementor-element elementor-element-825e97b\" data-id=\"825e97b\" data-element_type=\"column\">\n\t\t\t<div class=\"elementor-widget-wrap elementor-element-populated\">\n\t\t\t\t\t\t<div class=\"elementor-element elementor-element-9c40781 elementor-widget elementor-widget-text-editor\" data-id=\"9c40781\" data-element_type=\"widget\" data-widget_type=\"text-editor.default\">\n\t\t\t\t<div class=\"elementor-widget-container\">\n\t\t\t\t\t\t\t\t\t<p><a href=\"https:\/\/nako-manga.com\/index.php\/nako-alternative-2\/\"><img decoding=\"async\" class=\"aligncenter size-full wp-image-411\" src=\"https:\/\/nako-manga.com\/wp-content\/uploads\/2022\/07\/Qui-sommes-nous-V3.png\" alt=\"\" width=\"683\" height=\"907\" srcset=\"https:\/\/nako-manga.com\/wp-content\/uploads\/2022\/07\/Qui-sommes-nous-V3.png 683w, https:\/\/nako-manga.com\/wp-content\/uploads\/2022\/07\/Qui-sommes-nous-V3-226x300.png 226w, https:\/\/nako-manga.com\/wp-content\/uploads\/2022\/07\/Qui-sommes-nous-V3-600x797.png 600w\" sizes=\"(max-width: 683px) 100vw, 683px\" \/><\/a><\/p>\t\t\t\t\t\t\t\t<\/div>\n\t\t\t\t<\/div>\n\t\t\t\t\t<\/div>\n\t\t<\/div>\n\t\t\t\t<div class=\"elementor-column elementor-col-33 elementor-top-column elementor-element elementor-element-1656c71\" data-id=\"1656c71\" data-element_type=\"column\">\n\t\t\t<div class=\"elementor-widget-wrap elementor-element-populated\">\n\t\t\t\t\t\t<div class=\"elementor-element elementor-element-9dfd852 elementor-widget elementor-widget-text-editor\" data-id=\"9dfd852\" data-element_type=\"widget\" data-widget_type=\"text-editor.default\">\n\t\t\t\t<div class=\"elementor-widget-container\">\n\t\t\t\t\t\t\t\t\t<p><a href=\"https:\/\/linktr.ee\/nakomanga\" target=\"_blank\" rel=\"noopener\"><img loading=\"lazy\" decoding=\"async\" class=\"aligncenter size-full wp-image-412\" src=\"https:\/\/nako-manga.com\/wp-content\/uploads\/2022\/07\/Contact-V3.png\" alt=\"\" width=\"683\" height=\"907\" srcset=\"https:\/\/nako-manga.com\/wp-content\/uploads\/2022\/07\/Contact-V3.png 683w, https:\/\/nako-manga.com\/wp-content\/uploads\/2022\/07\/Contact-V3-226x300.png 226w, https:\/\/nako-manga.com\/wp-content\/uploads\/2022\/07\/Contact-V3-600x797.png 600w\" sizes=\"(max-width: 683px) 100vw, 683px\" \/><\/a><\/p>\t\t\t\t\t\t\t\t<\/div>\n\t\t\t\t<\/div>\n\t\t\t\t\t<\/div>\n\t\t<\/div>\n\t\t\t\t\t<\/div>\n\t\t<\/section>\n\t\t\t\t<section class=\"elementor-section elementor-top-section elementor-element elementor-element-3375cbe elementor-section-boxed elementor-section-height-default elementor-section-height-default\" data-id=\"3375cbe\" data-element_type=\"section\">\n\t\t\t\t\t\t<div class=\"elementor-container elementor-column-gap-default\">\n\t\t\t\t\t<div class=\"elementor-column elementor-col-100 elementor-top-column elementor-element elementor-element-a7da740\" data-id=\"a7da740\" data-element_type=\"column\">\n\t\t\t<div class=\"elementor-widget-wrap elementor-element-populated\">\n\t\t\t\t\t\t<div class=\"elementor-element elementor-element-07dee19 elementor-widget__width-initial elementor-widget elementor-widget-text-editor\" data-id=\"07dee19\" data-element_type=\"widget\" data-widget_type=\"text-editor.default\">\n\t\t\t\t<div class=\"elementor-widget-container\">\n\t\t\t\t\t\t\t\t\t<p style=\"text-align: center;\"><span style=\"color: #000000;\">Tiers &amp; Max<\/span><\/p><p><span style=\"color: #000000;\">Avec plus de trois albums, Tiers se pr\u00e9sente comme une figure du hip-hop fran\u00e7ais.Il cumule des centaines de concerts, appara\u00eet sur de nombreux projets et collabore avec des artistes prestigieux tels que Soprano, M\u00e9dine, Disiz etc\u2026<\/span><\/p><p><span style=\"color: #000000;\">Mais ce n\u2019est pas sa seule casquette, sc\u00e9nariste dans divers clips musicaux, sa passion pour le manga et le Japon le pousse \u00e0 \u00e9crire son propre shonen\u2026<\/span><\/p><p><span style=\"color: #000000;\">Il rencontre Max et lui confie tout d\u2019abord la cover de son dernier album \u00ab No Future. \u00bb<\/span><\/p><p><span style=\"color: #000000;\">Form\u00e9 au d\u00e9part au dessin anim\u00e9 traditionnel, Max se passionne rapidement pour le storyboard et le character design. C\u2019est finalement loin de l\u00e0 qu\u2019il fera ses armes, en fusionnant le dessin de presse avec son autre passion : le rap. Ceci en dessinant, et en s\u2019amusant de l\u2019actu rap pour le Web m\u00e9dia Booska-P. En parall\u00e8le, il collabore avec divers artistes de la sc\u00e8ne rap fran\u00e7aise en tant que graphiste et illustrateur pour leurs projets musicaux.<\/span><\/p><p><span style=\"color: #000000;\">Suite \u00e0 leur rencontre, ils multiplient les collaborations ce qui renforce leur complicit\u00e9 et leurs affinit\u00e9s artistiques. Tiers Monde propose alors plusieurs histoires \u00e0 adapt\u00e9 en Manga, ils choisiront et se lanceront dans le projet Nako<\/span><\/p><p><span style=\"color: #000000;\">3 tomes sont alors \u00e9dit\u00e9s et publi\u00e9s, le quatri\u00e8me s\u2019appr\u00eatant \u00e0 voir le jour prochainement\u2026<\/span><\/p>\t\t\t\t\t\t\t\t<\/div>\n\t\t\t\t<\/div>\n\t\t\t\t\t<\/div>\n\t\t<\/div>\n\t\t\t\t\t<\/div>\n\t\t<\/section>\n\t\t\t\t<section class=\"elementor-section elementor-top-section elementor-element elementor-element-ec85558 elementor-section-boxed elementor-section-height-default elementor-section-height-default\" data-id=\"ec85558\" data-element_type=\"section\">\n\t\t\t\t\t\t<div class=\"elementor-container elementor-column-gap-default\">\n\t\t\t\t\t<div class=\"elementor-column elementor-col-100 elementor-top-column elementor-element elementor-element-930f155\" data-id=\"930f155\" data-element_type=\"column\">\n\t\t\t<div class=\"elementor-widget-wrap elementor-element-populated\">\n\t\t\t\t\t\t<div class=\"elementor-element elementor-element-e634efa elementor-widget elementor-widget-text-editor\" data-id=\"e634efa\" data-element_type=\"widget\" data-widget_type=\"text-editor.default\">\n\t\t\t\t<div class=\"elementor-widget-container\">\n\t\t\t\t\t\t\t\t\t<p><img loading=\"lazy\" decoding=\"async\" class=\"aligncenter size-large wp-image-228\" src=\"https:\/\/nako-manga.com\/wp-content\/uploads\/2022\/07\/test-nako-1-copie-724x1024.png\" alt=\"\" width=\"724\" height=\"1024\" srcset=\"https:\/\/nako-manga.com\/wp-content\/uploads\/2022\/07\/test-nako-1-copie-724x1024.png 724w, https:\/\/nako-manga.com\/wp-content\/uploads\/2022\/07\/test-nako-1-copie-600x849.png 600w, https:\/\/nako-manga.com\/wp-content\/uploads\/2022\/07\/test-nako-1-copie-212x300.png 212w, https:\/\/nako-manga.com\/wp-content\/uploads\/2022\/07\/test-nako-1-copie-768x1086.png 768w, https:\/\/nako-manga.com\/wp-content\/uploads\/2022\/07\/test-nako-1-copie-1086x1536.png 1086w, https:\/\/nako-manga.com\/wp-content\/uploads\/2022\/07\/test-nako-1-copie-1448x2048.png 1448w\" sizes=\"(max-width: 724px) 100vw, 724px\" \/><\/p>\t\t\t\t\t\t\t\t<\/div>\n\t\t\t\t<\/div>\n\t\t\t\t\t<\/div>\n\t\t<\/div>\n\t\t\t\t\t<\/div>\n\t\t<\/section>\n\t\t\t\t<\/div>\n\t\t","protected":false},"excerpt":{"rendered":"<p>Tiers &amp; Max Avec plus de trois albums, Tiers se pr\u00e9sente comme une figure du hip-hop fran\u00e7ais.Il cumule des centaines de concerts, appara\u00eet sur de nombreux projets et collabore avec des artistes prestigieux tels que Soprano, M\u00e9dine, Disiz etc\u2026 Mais ce n\u2019est pas sa seule casquette, sc\u00e9nariste dans divers clips musicaux, sa passion pour le &hellip;<\/p>\n<p class=\"read-more\"> <a class=\"\" href=\"https:\/\/nako-manga.com\/index.php\/nako-alternative-2\/\"> <span class=\"screen-reader-text\">QUI SOMMES NOUS ?<\/span> Lire la suite\u00a0\u00bb<\/a><\/p>\n","protected":false},"author":1,"featured_media":0,"parent":0,"menu_order":0,"comment_status":"closed","ping_status":"closed","template":"","meta":{"site-sidebar-layout":"default","site-content-layout":"default","ast-global-header-display":"","ast-main-header-display":"","ast-hfb-above-header-display":"","ast-hfb-below-header-display":"","ast-hfb-mobile-header-display":"","site-post-title":"","ast-breadcrumbs-content":"","ast-featured-img":"","footer-sml-layout":"","theme-transparent-header-meta":"","adv-header-id-meta":"","stick-header-meta":"","header-above-stick-meta":"","header-main-stick-meta":"","header-below-stick-meta":"","footnotes":""},"class_list":["post-423","page","type-page","status-publish","hentry"],"_links":{"self":[{"href":"https:\/\/nako-manga.com\/index.php\/wp-json\/wp\/v2\/pages\/423","targetHints":{"allow":["GET"]}}],"collection":[{"href":"https:\/\/nako-manga.com\/index.php\/wp-json\/wp\/v2\/pages"}],"about":[{"href":"https:\/\/nako-manga.com\/index.php\/wp-json\/wp\/v2\/types\/page"}],"author":[{"embeddable":true,"href":"https:\/\/nako-manga.com\/index.php\/wp-json\/wp\/v2\/users\/1"}],"replies":[{"embeddable":true,"href":"https:\/\/nako-manga.com\/index.php\/wp-json\/wp\/v2\/comments?post=423"}],"version-history":[{"count":37,"href":"https:\/\/nako-manga.com\/index.php\/wp-json\/wp\/v2\/pages\/423\/revisions"}],"predecessor-version":[{"id":475,"href":"https:\/\/nako-manga.com\/index.php\/wp-json\/wp\/v2\/pages\/423\/revisions\/475"}],"wp:attachment":[{"href":"https:\/\/nako-manga.com\/index.php\/wp-json\/wp\/v2\/media?parent=423"}],"curies":[{"name":"wp","href":"https:\/\/api.w.org\/{rel}","templated":true}]}}